{"id":8098,"date":"2023-08-21T14:04:36","date_gmt":"2023-08-21T11:04:36","guid":{"rendered":"https:\/\/cyberone.bg\/?page_id=8098"},"modified":"2023-08-21T16:36:27","modified_gmt":"2023-08-21T13:36:27","slug":"data-breach-investigation","status":"publish","type":"page","link":"https:\/\/cyberone.bg\/it\/data-breach-investigation","title":{"rendered":"Data Breach Investigation"},"content":{"rendered":"\t\t<div data-elementor-type=\"wp-page\" data-elementor-id=\"8098\" class=\"elementor elementor-8098\" data-elementor-post-type=\"page\">\n\t\t\t\t\t\t<section class=\"elementor-section elementor-top-section elementor-element elementor-element-b50a57f elementor-section-content-middle elementor-section-full_width ot-traditional elementor-section-height-default elementor-section-height-default\" data-id=\"b50a57f\" data-element_type=\"section\" data-e-type=\"section\">\n\t\t\t\t\t\t<div class=\"elementor-container elementor-column-gap-extended\">\n\t\t\t\t\t<div class=\"elementor-column elementor-col-50 elementor-top-column elementor-element elementor-element-21ced5e ot-flex-column-vertical\" data-id=\"21ced5e\" data-element_type=\"column\" data-e-type=\"column\">\n\t\t\t<div class=\"elementor-widget-wrap elementor-element-populated\">\n\t\t\t\t\t\t<div class=\"elementor-element elementor-element-cb9fbab elementor-widget elementor-widget-iheading\" data-id=\"cb9fbab\" data-element_type=\"widget\" data-e-type=\"widget\" data-widget_type=\"iheading.default\">\n\t\t\t\t<div class=\"elementor-widget-container\">\n\t\t\t\t\t\t\t<div class=\"ot-heading\">\r\n\t        \t            <span>\/\/ QUANDO ACCADE IL PEGGIO PUOI CONTARE SU DI NOI<\/span>\r\n\t        <h2 class=\"main-heading\">Investigazione di Data Breach<\/h2>\t    <\/div>\r\n\t    \t\t\t\t<\/div>\n\t\t\t\t<\/div>\n\t\t\t\t<div class=\"elementor-element elementor-element-f1dff09 elementor-widget elementor-widget-text-editor\" data-id=\"f1dff09\" data-element_type=\"widget\" data-e-type=\"widget\" data-widget_type=\"text-editor.default\">\n\t\t\t\t<div class=\"elementor-widget-container\">\n\t\t\t\t\t\t\t\t\t<p><span data-sheets-value=\"{&quot;1&quot;:2,&quot;2&quot;:&quot;Durante una violazione dei sistemi, \u00e8 importante agire rapidamente per contenere le minacce e i relativi rischi, e per ridurre al minimo l'impatto arrivando alla radice dei problemi. Tuttavia, ignorare le procedure ovvie pu\u00f2 limitare la capacit\u00e0 di aiutare le autorit\u00e0 legali o governative a indagare e analizzare la minaccia. I nostri professionisti della digital forensics lavoreranno a stretto contatto con il team di comunicazione di crisi della tua azienda per fornire al pubblico e ai clienti informazioni aggiornate su qualsiasi informazione personale che potrebbe essere stata compromessa, insieme alle informazioni sulle misure intraprese per proteggere i clienti da incidenti futuri.&quot;}\" data-sheets-userformat=\"{&quot;2&quot;:15233,&quot;3&quot;:{&quot;1&quot;:0},&quot;10&quot;:1,&quot;11&quot;:4,&quot;12&quot;:0,&quot;14&quot;:{&quot;1&quot;:2,&quot;2&quot;:0},&quot;15&quot;:&quot;Calibri, sans-serif&quot;,&quot;16&quot;:11}\">Durante una violazione dei sistemi, \u00e8 importante agire rapidamente per contenere le minacce e i relativi rischi, e per ridurre al minimo l&#8217;impatto arrivando alla radice dei problemi. Tuttavia, ignorare le procedure ovvie pu\u00f2 limitare la capacit\u00e0 di aiutare le autorit\u00e0 legali o governative a indagare e analizzare la minaccia. I nostri professionisti della digital forensics lavoreranno a stretto contatto con il team di comunicazione di crisi della tua azienda per fornire al pubblico e ai clienti informazioni aggiornate su qualsiasi informazione personale che potrebbe essere stata compromessa, insieme alle informazioni sulle misure intraprese per proteggere i clienti da incidenti futuri.<\/span><\/p><p><span data-sheets-value=\"{&quot;1&quot;:2,&quot;2&quot;:&quot;Nelle fasi principali delle attivit\u00e0 di indagine sugli incidenti informatici, i nostri specialisti ti aiuteranno a scoprire qualsiasi informazione relativa alle cause, ai fatti e alle conseguenze di un incidente informatico. Al termine di ogni indagine, viene fornito al servizio un report completo, che comprende tutti i fatti e le circostanze, il materiale fotografico, le raccomandazioni, le conclusioni e le analisi.&quot;}\" data-sheets-userformat=\"{&quot;2&quot;:15233,&quot;3&quot;:{&quot;1&quot;:0},&quot;10&quot;:1,&quot;11&quot;:4,&quot;12&quot;:0,&quot;14&quot;:{&quot;1&quot;:2,&quot;2&quot;:0},&quot;15&quot;:&quot;Calibri, sans-serif&quot;,&quot;16&quot;:11}\">Nelle fasi principali delle attivit\u00e0 di indagine sugli incidenti informatici, i nostri specialisti ti aiuteranno a scoprire qualsiasi informazione relativa alle cause, ai fatti e alle conseguenze di un incidente informatico. Al termine di ogni indagine, viene fornito al servizio un report completo, che comprende tutti i fatti e le circostanze, il materiale fotografico, le raccomandazioni, le conclusioni e le analisi.<\/span><\/p>\t\t\t\t\t\t\t\t<\/div>\n\t\t\t\t<\/div>\n\t\t\t\t\t<\/div>\n\t\t<\/div>\n\t\t\t\t<div class=\"elementor-column elementor-col-50 elementor-top-column elementor-element elementor-element-914c0a3 ot-flex-column-vertical\" data-id=\"914c0a3\" data-element_type=\"column\" data-e-type=\"column\">\n\t\t\t<div class=\"elementor-widget-wrap elementor-element-populated\">\n\t\t\t\t\t\t<div class=\"elementor-element elementor-element-6cb3f1c elementor-widget elementor-widget-image\" data-id=\"6cb3f1c\" data-element_type=\"widget\" data-e-type=\"widget\" data-widget_type=\"image.default\">\n\t\t\t\t<div class=\"elementor-widget-container\">\n\t\t\t\t\t\t\t\t\t\t\t\t\t\t\t<img fetchpriority=\"high\" decoding=\"async\" width=\"2000\" height=\"2000\" src=\"https:\/\/cyberone.bg\/wp-content\/uploads\/2022\/08\/Consulting-rafiki.png\" class=\"attachment-full size-full wp-image-6481\" alt=\"\" srcset=\"https:\/\/cyberone.bg\/wp-content\/uploads\/2022\/08\/Consulting-rafiki.png 2000w, https:\/\/cyberone.bg\/wp-content\/uploads\/2022\/08\/Consulting-rafiki-300x300.png 300w, https:\/\/cyberone.bg\/wp-content\/uploads\/2022\/08\/Consulting-rafiki-1024x1024.png 1024w, https:\/\/cyberone.bg\/wp-content\/uploads\/2022\/08\/Consulting-rafiki-150x150.png 150w, https:\/\/cyberone.bg\/wp-content\/uploads\/2022\/08\/Consulting-rafiki-768x768.png 768w, https:\/\/cyberone.bg\/wp-content\/uploads\/2022\/08\/Consulting-rafiki-1536x1536.png 1536w, https:\/\/cyberone.bg\/wp-content\/uploads\/2022\/08\/Consulting-rafiki-720x720.png 720w\" sizes=\"(max-width: 2000px) 100vw, 2000px\" \/>\t\t\t\t\t\t\t\t\t\t\t\t\t\t\t<\/div>\n\t\t\t\t<\/div>\n\t\t\t\t\t<\/div>\n\t\t<\/div>\n\t\t\t\t\t<\/div>\n\t\t<\/section>\n\t\t\t\t<section class=\"elementor-section elementor-top-section elementor-element elementor-element-8e8ecba elementor-section-content-middle elementor-section-full_width ot-traditional elementor-section-height-default elementor-section-height-default\" data-id=\"8e8ecba\" data-element_type=\"section\" data-e-type=\"section\">\n\t\t\t\t\t\t<div class=\"elementor-container elementor-column-gap-extended\">\n\t\t\t\t\t<div class=\"elementor-column elementor-col-100 elementor-top-column elementor-element elementor-element-a6becac ot-flex-column-vertical\" data-id=\"a6becac\" data-element_type=\"column\" data-e-type=\"column\">\n\t\t\t<div class=\"elementor-widget-wrap elementor-element-populated\">\n\t\t\t\t\t\t<div class=\"elementor-element elementor-element-9001337 elementor-widget elementor-widget-iheading\" data-id=\"9001337\" data-element_type=\"widget\" data-e-type=\"widget\" data-widget_type=\"iheading.default\">\n\t\t\t\t<div class=\"elementor-widget-container\">\n\t\t\t\t\t\t\t<div class=\"ot-heading\">\r\n\t        \t            <span>\/\/ diversi tipi di incidenti con cui possiamo aiutarti<\/span>\r\n\t        <h2 class=\"main-heading\">Tipi di incidenti<\/h2>\t    <\/div>\r\n\t    \t\t\t\t<\/div>\n\t\t\t\t<\/div>\n\t\t\t\t\t<\/div>\n\t\t<\/div>\n\t\t\t\t\t<\/div>\n\t\t<\/section>\n\t\t\t\t<section class=\"elementor-section elementor-top-section elementor-element elementor-element-8ad25e0 elementor-section-full_width ot-traditional elementor-section-height-default elementor-section-height-default\" data-id=\"8ad25e0\" data-element_type=\"section\" data-e-type=\"section\">\n\t\t\t\t\t\t<div class=\"elementor-container elementor-column-gap-default\">\n\t\t\t\t\t<div class=\"elementor-column elementor-col-100 elementor-top-column elementor-element elementor-element-28f5237 ot-flex-column-vertical\" data-id=\"28f5237\" data-element_type=\"column\" data-e-type=\"column\">\n\t\t\t<div class=\"elementor-widget-wrap elementor-element-populated\">\n\t\t\t\t\t\t<section class=\"elementor-section elementor-inner-section elementor-element elementor-element-ff862bb elementor-section-full_width ot-layout_block elementor-section-height-default elementor-section-height-default\" data-id=\"ff862bb\" data-element_type=\"section\" data-e-type=\"section\">\n\t\t\t\t\t\t<div class=\"elementor-container elementor-column-gap-extended\">\n\t\t\t\t\t<div class=\"elementor-column elementor-col-50 elementor-inner-column elementor-element elementor-element-edfcf03 ot-flex-column-vertical\" data-id=\"edfcf03\" data-element_type=\"column\" data-e-type=\"column\">\n\t\t\t<div class=\"elementor-widget-wrap elementor-element-populated\">\n\t\t\t\t\t\t<div class=\"elementor-element elementor-element-b05d174 elementor-widget elementor-widget-iiconbox2\" data-id=\"b05d174\" data-element_type=\"widget\" data-e-type=\"widget\" data-widget_type=\"iiconbox2.default\">\n\t\t\t\t<div class=\"elementor-widget-container\">\n\t\t\t\t\t\t\t<div class=\"icon-box-s2 s2\">\r\n\t\t\t<div class=\"icon-main\">\r\n\t\t        \t\t\t    \t\t        <span class=\"\"><\/span>\t\t        \t        <\/div>\r\n\t        <div class=\"content-box\">\r\n\t            <h5>Malware, Ransomware ed estorsioni<\/h5>\r\n\t            <p>Nessuno vuole essere tenuto in ostaggio e non c'\u00e8 niente di peggio che avere la tua attivit\u00e0 interrotta da un criminale informatico che vuole decine di migliaia di dollari in criptovalute. Se sei colpito da ransomware, il nostro team di esperti agir\u00e0 in modo rapido ed efficiente per mitigare la minaccia, ripristinare l'ordine nella tua infrastruttura IT e fare ogni sforzo per recuperare le tue informazioni in modo che tu possa continuare ad operare normalmente. CYBERONE ha una vasta esperienza con dozzine di attacchi ransomware ogni anno. Siamo qui per proteggerti e per aiutarti a riprenderti. Quando ingaggi CYBERONE, il nostro team di esperti ti aiuter\u00e0 a prendere decisioni aziendali critiche. Lavoreremo rapidamente per ripristinare le tue risorse alla normalit\u00e0, risolvere i tuoi problemi e aiutarti a evitare danni alla tua attivit\u00e0 e alla tua reputazione.<\/p>\r\n\t        <\/div>\r\n\t    <\/div>\r\n\t    \t\t\t\t<\/div>\n\t\t\t\t<\/div>\n\t\t\t\t\t<\/div>\n\t\t<\/div>\n\t\t\t\t<div class=\"elementor-column elementor-col-50 elementor-inner-column elementor-element elementor-element-c4d9ec2 ot-flex-column-vertical\" data-id=\"c4d9ec2\" data-element_type=\"column\" data-e-type=\"column\">\n\t\t\t<div class=\"elementor-widget-wrap elementor-element-populated\">\n\t\t\t\t\t\t<div class=\"elementor-element elementor-element-1f91903 elementor-widget elementor-widget-iiconbox2\" data-id=\"1f91903\" data-element_type=\"widget\" data-e-type=\"widget\" data-widget_type=\"iiconbox2.default\">\n\t\t\t\t<div class=\"elementor-widget-container\">\n\t\t\t\t\t\t\t<div class=\"icon-box-s2 s2\">\r\n\t\t\t<div class=\"icon-main\">\r\n\t\t        \t\t\t    \t\t        <span class=\"\"><\/span>\t\t        \t        <\/div>\r\n\t        <div class=\"content-box\">\r\n\t            <h5>Compromissione di account email e mailserver<\/h5>\r\n\t            <p>Gli account e-mail aziendali contengono ogni tipo di dati sensibili e sono un obiettivo prioritario per i criminali informatici. Sia che vogliano rubare dati, commettere frodi o altri intenti malevoli, la compromissione delle email aziendali pu\u00f2 essere particolarmente dannosa per la tua organizzazione e per la reputazione. Affidandoti a CYBERONE per risolvere i tuoi problemi informatici, i nostri specialisti lavoreranno per ripristinare rapidamente gli asset interessati alla normalit\u00e0, affrontare le vulnerabilit\u00e0 sul tuo server o sui tuoi account di posta elettronica, e per aiutarti a comprendere l'intera portata dell'attacco, degli asset interessati, e le conseguenze. Questa analisi ti aiuter\u00e0 a prendere decisioni critiche che proteggeranno le informazioni critiche e la reputazione della tua azienda. <\/p>\r\n\t        <\/div>\r\n\t    <\/div>\r\n\t    \t\t\t\t<\/div>\n\t\t\t\t<\/div>\n\t\t\t\t\t<\/div>\n\t\t<\/div>\n\t\t\t\t\t<\/div>\n\t\t<\/section>\n\t\t\t\t<section class=\"elementor-section elementor-inner-section elementor-element elementor-element-2671122 elementor-section-full_width ot-layout_block elementor-section-height-default elementor-section-height-default\" data-id=\"2671122\" data-element_type=\"section\" data-e-type=\"section\">\n\t\t\t\t\t\t<div class=\"elementor-container elementor-column-gap-extended\">\n\t\t\t\t\t<div class=\"elementor-column elementor-col-50 elementor-inner-column elementor-element elementor-element-62caebf ot-flex-column-vertical\" data-id=\"62caebf\" data-element_type=\"column\" data-e-type=\"column\">\n\t\t\t<div class=\"elementor-widget-wrap elementor-element-populated\">\n\t\t\t\t\t\t<div class=\"elementor-element elementor-element-51ce322 elementor-widget elementor-widget-iiconbox2\" data-id=\"51ce322\" data-element_type=\"widget\" data-e-type=\"widget\" data-widget_type=\"iiconbox2.default\">\n\t\t\t\t<div class=\"elementor-widget-container\">\n\t\t\t\t\t\t\t<div class=\"icon-box-s2 s2\">\r\n\t\t\t<div class=\"icon-main\">\r\n\t\t        \t\t\t    \t\t        <span class=\"\"><\/span>\t\t        \t        <\/div>\r\n\t        <div class=\"content-box\">\r\n\t            <h5>Minacce online al tuo business<\/h5>\r\n\t            <p>Eccelliamo dove gli altri falliscono, quando si tratta di rispondere alle minacce informatiche avanzate che colpiscono la tua azienda. Se vieni attaccato da threat actors pi\u00f9 esperti, CYBERONE interviene rapidamente per comprendere la natura della minaccia e adottare misure proattive per mitigare il danno di conseguenza. La criminalit\u00e0 informatica si evolve continuamente, gli attacchi alle applicazioni Web, le frodi nell'e-commerce e il furto di carte di credito stanno diventando sempre pi\u00f9 comuni. Gli esperti di CYBERONE possono rispondere anche agli attacchi pi\u00f9 avanzati per prevenire attivit\u00e0 dannose persistenti e per analizzare cause, impatto e conseguenze.<\/p>\r\n\t        <\/div>\r\n\t    <\/div>\r\n\t    \t\t\t\t<\/div>\n\t\t\t\t<\/div>\n\t\t\t\t\t<\/div>\n\t\t<\/div>\n\t\t\t\t<div class=\"elementor-column elementor-col-50 elementor-inner-column elementor-element elementor-element-6d33c50 ot-flex-column-vertical\" data-id=\"6d33c50\" data-element_type=\"column\" data-e-type=\"column\">\n\t\t\t<div class=\"elementor-widget-wrap elementor-element-populated\">\n\t\t\t\t\t\t<div class=\"elementor-element elementor-element-e4ef874 elementor-widget elementor-widget-iiconbox2\" data-id=\"e4ef874\" data-element_type=\"widget\" data-e-type=\"widget\" data-widget_type=\"iiconbox2.default\">\n\t\t\t\t<div class=\"elementor-widget-container\">\n\t\t\t\t\t\t\t<div class=\"icon-box-s2 s2\">\r\n\t\t\t<div class=\"icon-main\">\r\n\t\t        \t\t\t    \t\t        <span class=\"\"><\/span>\t\t        \t        <\/div>\r\n\t        <div class=\"content-box\">\r\n\t            <h5>Minacce interne da (ex) dipendenti<\/h5>\r\n\t            <p>Le minacce da parte di insiders rappresentano uno dei maggiori rischi di sicurezza informatica per la tua azienda. Si comportano da dipendenti fidati, fornitori affidabili e contrattisti operosi, che utilizzeranno il loro accesso privilegiato per causare gravi danni. Che si tratti di dipendenti e partner attuali o precedenti, il rischio di attivit\u00e0 dannose \u00e8 ugualmente elevato. Sappiamo come indagare su questo tipo di incidenti informatici e raccoglierere prove sufficienti per rivendicare i tuoi diritti davanti alle autorit\u00e0 competenti. Gli esperti di CYBERONE possono lavorare per te per mitigare il rischio di azioni dannose da parte di insiders e raccoglierere fatti e prove sufficienti sul potenziale furto di dati, segreti aziendali, propriet\u00e0 intellettuale e altri tipi di danni.<\/p>\r\n\t        <\/div>\r\n\t    <\/div>\r\n\t    \t\t\t\t<\/div>\n\t\t\t\t<\/div>\n\t\t\t\t\t<\/div>\n\t\t<\/div>\n\t\t\t\t\t<\/div>\n\t\t<\/section>\n\t\t\t\t\t<\/div>\n\t\t<\/div>\n\t\t\t\t\t<\/div>\n\t\t<\/section>\n\t\t\t\t<\/div>\n\t\t","protected":false},"excerpt":{"rendered":"<p>\/\/ QUANDO ACCADE IL PEGGIO PUOI CONTARE SU DI NOI Investigazione di Data Breach Durante una violazione dei sistemi, \u00e8 importante agire rapidamente per contenere le minacce e i relativi rischi, e per ridurre al minimo l&#8217;impatto arrivando alla radice dei problemi. Tuttavia, ignorare le procedure ovvie pu\u00f2 limitare la capacit\u00e0 di aiutare le autorit\u00e0 [&hellip;]<\/p>\n","protected":false},"author":3,"featured_media":0,"parent":0,"menu_order":0,"comment_status":"closed","ping_status":"closed","template":"","meta":{"footnotes":""},"class_list":["post-8098","page","type-page","status-publish","hentry"],"aioseo_notices":[],"_links":{"self":[{"href":"https:\/\/cyberone.bg\/it\/wp-json\/wp\/v2\/pages\/8098","targetHints":{"allow":["GET"]}}],"collection":[{"href":"https:\/\/cyberone.bg\/it\/wp-json\/wp\/v2\/pages"}],"about":[{"href":"https:\/\/cyberone.bg\/it\/wp-json\/wp\/v2\/types\/page"}],"author":[{"embeddable":true,"href":"https:\/\/cyberone.bg\/it\/wp-json\/wp\/v2\/users\/3"}],"replies":[{"embeddable":true,"href":"https:\/\/cyberone.bg\/it\/wp-json\/wp\/v2\/comments?post=8098"}],"version-history":[{"count":6,"href":"https:\/\/cyberone.bg\/it\/wp-json\/wp\/v2\/pages\/8098\/revisions"}],"predecessor-version":[{"id":8346,"href":"https:\/\/cyberone.bg\/it\/wp-json\/wp\/v2\/pages\/8098\/revisions\/8346"}],"wp:attachment":[{"href":"https:\/\/cyberone.bg\/it\/wp-json\/wp\/v2\/media?parent=8098"}],"curies":[{"name":"wp","href":"https:\/\/api.w.org\/{rel}","templated":true}]}}